{"id":710,"date":"2018-05-15T22:01:20","date_gmt":"2018-05-15T20:01:20","guid":{"rendered":"http:\/\/wp7.mudy.at\/?page_id=710"},"modified":"2018-06-04T12:41:04","modified_gmt":"2018-06-04T10:41:04","slug":"kontakt","status":"publish","type":"page","link":"https:\/\/www.christianprodinger.com\/de\/kontakt\/","title":{"rendered":"Kontakt"},"content":{"rendered":"<div id=\"modal-ready\"><p><div class=\"fusion-fullwidth fullwidth-box fusion-builder-row-1 nonhundred-percent-fullwidth non-hundred-percent-height-scrolling\" style=\"--awb-border-radius-top-left:0px;--awb-border-radius-top-right:0px;--awb-border-radius-bottom-right:0px;--awb-border-radius-bottom-left:0px;--awb-flex-wrap:wrap;\" ><div class=\"fusion-builder-row fusion-row\"><div class=\"fusion-layout-column fusion_builder_column fusion-builder-column-0 fusion_builder_column_1_1 1_1 fusion-one-full fusion-column-first fusion-column-last\" style=\"--awb-bg-size:cover;--awb-margin-bottom:0px;\"><div class=\"fusion-column-wrapper fusion-flex-column-wrapper-legacy\"><div class=\"fusion-text fusion-text-1\"><h1>KONTAKT<\/h1>\n<p>DR. CHRISTIAN PRODINGER<br \/>\nSTEUERBERATER<\/p>\n<p><em>Medieninhaber und Herausgeber:<\/em><\/p>\n<p>Dr. Christian Prodinger<br \/>\n1090 Wien<br \/>\nLiechtensteinstra\u00dfe 20\/12<\/p>\n<p>Tel.: +43 1 319 80 68-0<br \/>\nFax: +43 1 319 80 68-61<\/p>\n<p><strong>PARKEN:<\/strong><\/p>\n<p>Bitte beachten Sie, dass im gesamten 9. Bezirk Kurzparkzone ist. Eine \u00f6ffentliche Tiefgarage steht Ihnen auf der Liechtensteinstra\u00dfe H\u00f6he Bauernfeldplatz, ca. 150 m stadtausw\u00e4rts von der Kanzlei gelegen, zur Verf\u00fcgung.<\/p>\n<p><strong>\u00d6FFENTLICHES VERKEHRSNETZ:<\/strong><\/p>\n<p>Mit den U-Bahnlinien U2 und U4, den Stra\u00dfenbahnlinien D und 37, 38, 40, 41, 42, 43, 71 sowie der Autobuslinie 40A bestens erreichbar.<\/p>\n<\/div><div class=\"fusion-clearfix\"><\/div><\/div><\/div><\/div><\/div><div class=\"fusion-fullwidth fullwidth-box fusion-builder-row-2 nonhundred-percent-fullwidth non-hundred-percent-height-scrolling\" style=\"--awb-border-radius-top-left:0px;--awb-border-radius-top-right:0px;--awb-border-radius-bottom-right:0px;--awb-border-radius-bottom-left:0px;--awb-flex-wrap:wrap;\" ><div class=\"fusion-builder-row fusion-row\"><div class=\"fusion-layout-column fusion_builder_column fusion-builder-column-1 fusion_builder_column_1_1 1_1 fusion-one-full fusion-column-first fusion-column-last\" style=\"--awb-bg-size:cover;\"><div class=\"fusion-column-wrapper fusion-flex-column-wrapper-legacy\"><iframe src=\"https:\/\/www.google.com\/maps\/embed?pb=!1m18!1m12!1m3!1d2658.3786702156476!2d16.35959871565183!3d48.218582579229974!2m3!1f0!2f0!3f0!3m2!1i1024!2i768!4f13.1!3m3!1m2!1s0x476d07b97af9a059%3A0x3264ac295fcb7d2!2sLiechtensteinstra%C3%9Fe+20%2C+1090+Wien!5e0!3m2!1sde!2sat!4v1526414509834\" width=\"100%\" height=\"450\" frameborder=\"0\" style=\"border:0\" allowfullscreen><\/iframe><div class=\"fusion-clearfix\"><\/div><\/div><\/div><\/div><\/div><\/p>\n<\/div>","protected":false},"excerpt":{"rendered":"","protected":false},"author":1,"featured_media":0,"parent":0,"menu_order":0,"comment_status":"closed","ping_status":"closed","template":"","meta":{"footnotes":""},"_links":{"self":[{"href":"https:\/\/www.christianprodinger.com\/de\/wp-json\/wp\/v2\/pages\/710"}],"collection":[{"href":"https:\/\/www.christianprodinger.com\/de\/wp-json\/wp\/v2\/pages"}],"about":[{"href":"https:\/\/www.christianprodinger.com\/de\/wp-json\/wp\/v2\/types\/page"}],"author":[{"embeddable":true,"href":"https:\/\/www.christianprodinger.com\/de\/wp-json\/wp\/v2\/users\/1"}],"replies":[{"embeddable":true,"href":"https:\/\/www.christianprodinger.com\/de\/wp-json\/wp\/v2\/comments?post=710"}],"version-history":[{"count":3,"href":"https:\/\/www.christianprodinger.com\/de\/wp-json\/wp\/v2\/pages\/710\/revisions"}],"predecessor-version":[{"id":912,"href":"https:\/\/www.christianprodinger.com\/de\/wp-json\/wp\/v2\/pages\/710\/revisions\/912"}],"wp:attachment":[{"href":"https:\/\/www.christianprodinger.com\/de\/wp-json\/wp\/v2\/media?parent=710"}],"curies":[{"name":"wp","href":"https:\/\/api.w.org\/{rel}","templated":true}]}}