{"id":397,"date":"2018-04-25T11:41:28","date_gmt":"2018-04-25T09:41:28","guid":{"rendered":"http:\/\/wp7.mudy.at\/?page_id=397"},"modified":"2022-11-24T15:50:49","modified_gmt":"2022-11-24T14:50:49","slug":"kanzlei","status":"publish","type":"page","link":"https:\/\/www.christianprodinger.com\/de\/kanzlei\/","title":{"rendered":"KANZLEI"},"content":{"rendered":"<div id=\"modal-ready\"><p><div class=\"fusion-fullwidth fullwidth-box fusion-builder-row-1 fusion-parallax-none mobileinit hundred-percent-fullwidth non-hundred-percent-height-scrolling\" style=\"--awb-border-radius-top-left:0px;--awb-border-radius-top-right:0px;--awb-border-radius-bottom-right:0px;--awb-border-radius-bottom-left:0px;--awb-padding-top:150px;--awb-padding-right:30px;--awb-padding-bottom:150px;--awb-padding-left:100px;--awb-margin-bottom:10px;--awb-background-image:url(&quot;https:\/\/www.christianprodinger.com\/wp-content\/uploads\/2018\/05\/Sub_Start_Kanzlei.jpg&quot;);--awb-background-size:cover;--awb-flex-wrap:wrap;\" id=\"kanzleimain\" ><div class=\"fusion-builder-row fusion-row\"><div class=\"fusion-layout-column fusion_builder_column fusion-builder-column-0 fusion_builder_column_1_2 1_2 fusion-one-half fusion-column-first\" style=\"--awb-padding-top:70px;--awb-bg-size:cover;width:50%;width:calc(50% - ( ( 4% ) * 0.5 ) );margin-right: 4%;\"><div class=\"fusion-column-wrapper fusion-flex-column-wrapper-legacy\"><div class=\"fusion-text fusion-text-1\" style=\"--awb-text-transform:none;\"><div class=\"kanzsmall\">\n<p>1999 gr\u00fcndete Dr. Christian Prodinger seine Steuerberatungskanzlei.<\/p>\n<p>Das Leistungsspektrum ist auf besonders komplexe Themen des Steuerrechts spezialisiert: Immobilien, Umgr\u00fcndungen, Rechtsmittel und Leasing.<\/p>\n<p>Selbst erfahrene Fachleute sind in diesen Gebieten nicht immer sattelfest. Zu kompliziert und un\u00fcbersichtlich sind die Vorschriften. Und zu hoch ist ihr Ver\u00e4nderungstempo. Was heute gilt, ist morgen vielleicht schon ganz anders.<\/p>\n<p>So wird neben dem Fachwissen in Theorie und Praxis die konsequente Beobachtung der aktuellen Judikatur und Literatur, in Verbindung mit einem \u00fcber viele Jahre aufgebauten professionellen Netzwerk, zu einem ma\u00dfgeblichen Erfolgskriterium.<\/p>\n<p>Vor allem bei der Begleitung von hochkomplexen Prozessen und bei der Beratung in juristischen Zweifelsf\u00e4llen ist die Expertise von Dr. Prodinger gefragt. Er bietet seine Leistungen seit langem auch Kolleginnen an. So lassen sich bei komplexen Aufgaben die Kr\u00e4fte und Kompetenzen aller Beteiligten am besten b\u00fcndeln.<\/p>\n<\/div>\n<\/div><div class=\"fusion-clearfix\"><\/div><\/div><\/div><\/div><\/div><div class=\"fusion-fullwidth fullwidth-box fusion-builder-row-2 hundred-percent-fullwidth non-hundred-percent-height-scrolling\" style=\"--awb-border-radius-top-left:0px;--awb-border-radius-top-right:0px;--awb-border-radius-bottom-right:0px;--awb-border-radius-bottom-left:0px;--awb-padding-right:0px;--awb-padding-bottom:0px;--awb-padding-left:0px;--awb-margin-bottom:10px;--awb-flex-wrap:wrap;\" ><div class=\"fusion-builder-row fusion-row\"><div class=\"fusion-layout-column fusion_builder_column fusion-builder-column-1 fusion_builder_column_1_3 1_3 fusion-one-third fusion-column-first\" style=\"--awb-padding-bottom:0px;--awb-bg-image:url(&#039;https:\/\/www.christianprodinger.com\/wp-content\/uploads\/2018\/05\/sign.jpg&#039;);--awb-bg-size:cover;--awb-margin-bottom:0px;width:33.333333333333%;width:calc(33.333333333333% - ( ( 4% ) * 0.33333333333333 ) );margin-right: 4%;\"><div class=\"fusion-column-wrapper fusion-flex-column-wrapper-legacy fusion-empty-column-bg-image fusion-column-has-bg-image\" data-bg-url=\"https:\/\/www.christianprodinger.com\/wp-content\/uploads\/2018\/05\/sign.jpg\"><img decoding=\"async\" class=\"fusion-empty-dims-img-placeholder\" aria-label=\"sign\" src=\"data:image\/svg+xml,%3Csvg%20xmlns%3D%27http%3A%2F%2Fwww.w3.org%2F2000%2Fsvg%27%20width%3D%27525%27%20height%3D%27698%27%20viewBox%3D%270%200%20525%20698%27%3E%3Crect%20width%3D%27525%27%20height%3D%27698%27%20fill-opacity%3D%220%22%2F%3E%3C%2Fsvg%3E\"><div class=\"fusion-clearfix\"><\/div><\/div><\/div><div class=\"fusion-layout-column fusion_builder_column fusion-builder-column-2 fusion_builder_column_2_3 2_3 fusion-two-third fusion-column-last marginmob\" style=\"--awb-padding-top:70px;--awb-padding-bottom:0px;--awb-bg-size:cover;--awb-margin-bottom:0px;width:66.666666666667%;width:calc(66.666666666667% - ( ( 4% ) * 0.66666666666667 ) );\"><div class=\"fusion-column-wrapper fusion-flex-column-wrapper-legacy\"><div class=\"fusion-title title fusion-title-1 sep-underline sep-solid fusion-title-text fusion-title-size-one\"><h1 class=\"fusion-title-heading title-heading-left fusion-responsive-typography-calculated\" style=\"margin:0;--fontSize:52;line-height:1.2;\"><p>Erfahren gedacht.<br \/>\nErfolgreich gemacht.<\/p><\/h1><\/div><div class=\"fusion-text fusion-text-2 awb-text-cols fusion-text-columns-2\" style=\"--awb-text-transform:none;--awb-columns:2;--awb-column-spacing:2em;--awb-column-min-width:300px;\"><p>Als promovierter Jurist wurde Dr. Prodinger nach dem Studienabschluss schon fr\u00fch mit der Leitung der Steuerabteilung einer der bedeutendsten Leasinggesellschaften des Landes betraut.<\/p>\n<p>Danach sammelte er als Leiter der Steuerabteilung einer internationalen Wirtschaftspr\u00fcfungs- und Steuerberatungsgesellschaft Erfahrung als Beratungsdienstleister.<\/p>\n<p>Der n\u00e4chste logische Schritt erfolgte 1999 mit der Gr\u00fcndung der eigenen Kanzlei. Seither ber\u00e4t Dr. Prodinger in jenen Bereichen des Steuerrechts, die aufgrund ihrer Komplexit\u00e4t nur schwer zu \u00fcberblicken sind. Denn Rechtsmeinungen sind oft gegens\u00e4tzlich und neue Judikate sowie Erl\u00e4sse f\u00fchren zu wiederum anderen Rechtsauffassungen.<\/p>\n<p>Viele Strukturen konnte er f\u00fcr seine Klientinnen optimieren &#8211; viele Verfahren vor den Finanzgerichten gewinnen.<br \/>\nSeine Rechtsauslegung und L\u00f6sungsans\u00e4tze strittiger Rechtsfragen ver\u00f6ffentlicht Dr. Prodinger regelm\u00e4\u00dfig in Fachzeitschriften oder in Fachb\u00fcchern.<\/p>\n<p>Auch im Rahmen von Vortr\u00e4gen und Seminaren gibt er sein Wissen gerne weiter. Zu seinem Angebot geh\u00f6rt schwerpunktm\u00e4\u00dfig auch die pers\u00f6nliche Beratung von Standeskolleginnen. Im Fachsenat der Kammer der Steuerberater und Wirtschaftspr\u00fcfer hat er Zugang zu aktuellen Entwicklungen und Informationen und kann seine Fachmeinung einbringen.<\/p>\n<\/div><div class=\"fusion-clearfix\"><\/div><\/div><\/div><\/div><\/div><\/p>\n<\/div>","protected":false},"excerpt":{"rendered":"","protected":false},"author":1,"featured_media":0,"parent":0,"menu_order":0,"comment_status":"closed","ping_status":"closed","template":"100-width.php","meta":{"footnotes":""},"_links":{"self":[{"href":"https:\/\/www.christianprodinger.com\/de\/wp-json\/wp\/v2\/pages\/397"}],"collection":[{"href":"https:\/\/www.christianprodinger.com\/de\/wp-json\/wp\/v2\/pages"}],"about":[{"href":"https:\/\/www.christianprodinger.com\/de\/wp-json\/wp\/v2\/types\/page"}],"author":[{"embeddable":true,"href":"https:\/\/www.christianprodinger.com\/de\/wp-json\/wp\/v2\/users\/1"}],"replies":[{"embeddable":true,"href":"https:\/\/www.christianprodinger.com\/de\/wp-json\/wp\/v2\/comments?post=397"}],"version-history":[{"count":20,"href":"https:\/\/www.christianprodinger.com\/de\/wp-json\/wp\/v2\/pages\/397\/revisions"}],"predecessor-version":[{"id":1852,"href":"https:\/\/www.christianprodinger.com\/de\/wp-json\/wp\/v2\/pages\/397\/revisions\/1852"}],"wp:attachment":[{"href":"https:\/\/www.christianprodinger.com\/de\/wp-json\/wp\/v2\/media?parent=397"}],"curies":[{"name":"wp","href":"https:\/\/api.w.org\/{rel}","templated":true}]}}